{"id":3757,"date":"2024-08-02T10:58:07","date_gmt":"2024-08-02T10:58:07","guid":{"rendered":"http:\/\/www.agirgolgida.com\/product\/karisik-salca\/"},"modified":"2024-08-13T22:10:36","modified_gmt":"2024-08-13T22:10:36","slug":"karisik-salca","status":"publish","type":"product","link":"https:\/\/www.agirgolgida.com\/en\/product\/karisik-salca\/","title":{"rendered":"Mixed Tomato Paste"},"content":{"rendered":"<p>Kar\u0131\u015f\u0131k sal\u00e7a<\/p>","protected":false},"excerpt":{"rendered":"<p>Kar\u0131\u015f\u0131k sal\u00e7a<\/p>","protected":false},"featured_media":3878,"comment_status":"open","ping_status":"closed","template":"","meta":{"slim_seo":[]},"product_cat":[62],"product_tag":[],"class_list":{"0":"post-3757","1":"product","2":"type-product","3":"status-publish","4":"has-post-thumbnail","6":"product_cat-salca-cesitleri","8":"first","9":"instock","10":"shipping-taxable","11":"product-type-simple"},"_links":{"self":[{"href":"https:\/\/www.agirgolgida.com\/en\/wp-json\/wp\/v2\/product\/3757","targetHints":{"allow":["GET"]}}],"collection":[{"href":"https:\/\/www.agirgolgida.com\/en\/wp-json\/wp\/v2\/product"}],"about":[{"href":"https:\/\/www.agirgolgida.com\/en\/wp-json\/wp\/v2\/types\/product"}],"replies":[{"embeddable":true,"href":"https:\/\/www.agirgolgida.com\/en\/wp-json\/wp\/v2\/comments?post=3757"}],"wp:featuredmedia":[{"embeddable":true,"href":"https:\/\/www.agirgolgida.com\/en\/wp-json\/wp\/v2\/media\/3878"}],"wp:attachment":[{"href":"https:\/\/www.agirgolgida.com\/en\/wp-json\/wp\/v2\/media?parent=3757"}],"wp:term":[{"taxonomy":"product_cat","embeddable":true,"href":"https:\/\/www.agirgolgida.com\/en\/wp-json\/wp\/v2\/product_cat?post=3757"},{"taxonomy":"product_tag","embeddable":true,"href":"https:\/\/www.agirgolgida.com\/en\/wp-json\/wp\/v2\/product_tag?post=3757"}],"curies":[{"name":"wp","href":"https:\/\/api.w.org\/{rel}","templated":true}]}}