{"id":3747,"date":"2024-08-02T10:58:04","date_gmt":"2024-08-02T10:58:04","guid":{"rendered":"http:\/\/www.agirgolgida.com\/product\/kucuk-uzum\/"},"modified":"2024-08-13T22:03:34","modified_gmt":"2024-08-13T22:03:34","slug":"kucuk-uzum","status":"publish","type":"product","link":"https:\/\/www.agirgolgida.com\/en\/product\/kucuk-uzum\/","title":{"rendered":"Small Grape"},"content":{"rendered":"<p>K\u00fc\u00e7\u00fck ve lezzetli \u00fcz\u00fcmler<\/p>","protected":false},"excerpt":{"rendered":"<p>K\u00fc\u00e7\u00fck ve lezzetli \u00fcz\u00fcmler<\/p>","protected":false},"featured_media":3876,"comment_status":"open","ping_status":"closed","template":"","meta":{"slim_seo":[]},"product_cat":[40],"product_tag":[],"class_list":{"0":"post-3747","1":"product","2":"type-product","3":"status-publish","4":"has-post-thumbnail","6":"product_cat-kuruyemis","8":"first","9":"instock","10":"shipping-taxable","11":"product-type-simple"},"_links":{"self":[{"href":"https:\/\/www.agirgolgida.com\/en\/wp-json\/wp\/v2\/product\/3747","targetHints":{"allow":["GET"]}}],"collection":[{"href":"https:\/\/www.agirgolgida.com\/en\/wp-json\/wp\/v2\/product"}],"about":[{"href":"https:\/\/www.agirgolgida.com\/en\/wp-json\/wp\/v2\/types\/product"}],"replies":[{"embeddable":true,"href":"https:\/\/www.agirgolgida.com\/en\/wp-json\/wp\/v2\/comments?post=3747"}],"wp:featuredmedia":[{"embeddable":true,"href":"https:\/\/www.agirgolgida.com\/en\/wp-json\/wp\/v2\/media\/3876"}],"wp:attachment":[{"href":"https:\/\/www.agirgolgida.com\/en\/wp-json\/wp\/v2\/media?parent=3747"}],"wp:term":[{"taxonomy":"product_cat","embeddable":true,"href":"https:\/\/www.agirgolgida.com\/en\/wp-json\/wp\/v2\/product_cat?post=3747"},{"taxonomy":"product_tag","embeddable":true,"href":"https:\/\/www.agirgolgida.com\/en\/wp-json\/wp\/v2\/product_tag?post=3747"}],"curies":[{"name":"wp","href":"https:\/\/api.w.org\/{rel}","templated":true}]}}