{"id":3744,"date":"2024-08-02T10:58:04","date_gmt":"2024-08-02T10:58:04","guid":{"rendered":"http:\/\/www.agirgolgida.com\/product\/siyah-uzum\/"},"modified":"2024-08-02T18:37:40","modified_gmt":"2024-08-02T18:37:40","slug":"siyah-uzum","status":"publish","type":"product","link":"https:\/\/www.agirgolgida.com\/en\/product\/siyah-uzum\/","title":{"rendered":"Black Grape"},"content":{"rendered":"<p>Do\u011fal ve besleyici bir at\u0131\u015ft\u0131rmal\u0131k olan siyah \u00fcz\u00fcm<\/p>","protected":false},"excerpt":{"rendered":"<p>Do\u011fal ve besleyici bir at\u0131\u015ft\u0131rmal\u0131k olan siyah \u00fcz\u00fcm<\/p>","protected":false},"featured_media":3787,"comment_status":"open","ping_status":"closed","template":"","meta":{"slim_seo":[]},"product_cat":[40],"product_tag":[],"class_list":{"0":"post-3744","1":"product","2":"type-product","3":"status-publish","4":"has-post-thumbnail","6":"product_cat-kuruyemis","8":"first","9":"instock","10":"shipping-taxable","11":"product-type-simple"},"_links":{"self":[{"href":"https:\/\/www.agirgolgida.com\/en\/wp-json\/wp\/v2\/product\/3744","targetHints":{"allow":["GET"]}}],"collection":[{"href":"https:\/\/www.agirgolgida.com\/en\/wp-json\/wp\/v2\/product"}],"about":[{"href":"https:\/\/www.agirgolgida.com\/en\/wp-json\/wp\/v2\/types\/product"}],"replies":[{"embeddable":true,"href":"https:\/\/www.agirgolgida.com\/en\/wp-json\/wp\/v2\/comments?post=3744"}],"wp:featuredmedia":[{"embeddable":true,"href":"https:\/\/www.agirgolgida.com\/en\/wp-json\/wp\/v2\/media\/3787"}],"wp:attachment":[{"href":"https:\/\/www.agirgolgida.com\/en\/wp-json\/wp\/v2\/media?parent=3744"}],"wp:term":[{"taxonomy":"product_cat","embeddable":true,"href":"https:\/\/www.agirgolgida.com\/en\/wp-json\/wp\/v2\/product_cat?post=3744"},{"taxonomy":"product_tag","embeddable":true,"href":"https:\/\/www.agirgolgida.com\/en\/wp-json\/wp\/v2\/product_tag?post=3744"}],"curies":[{"name":"wp","href":"https:\/\/api.w.org\/{rel}","templated":true}]}}