{"id":3737,"date":"2024-08-02T10:46:45","date_gmt":"2024-08-02T10:46:45","guid":{"rendered":"http:\/\/www.agirgolgida.com\/product\/zipzip-23g\/"},"modified":"2024-08-02T19:08:29","modified_gmt":"2024-08-02T19:08:29","slug":"zipzip-23g","status":"publish","type":"product","link":"https:\/\/www.agirgolgida.com\/en\/product\/zipzip-23g\/","title":{"rendered":"Z\u0131pz\u0131p 23g"},"content":{"rendered":"<p>E\u011flenceli ve lezzetli bu \u015fekerlemeler<\/p>","protected":false},"excerpt":{"rendered":"<p>E\u011flenceli ve lezzetli bu \u015fekerlemeler<\/p>","protected":false},"featured_media":3798,"comment_status":"open","ping_status":"closed","template":"","meta":{"slim_seo":[]},"product_cat":[75],"product_tag":[],"class_list":{"0":"post-3737","1":"product","2":"type-product","3":"status-publish","4":"has-post-thumbnail","6":"product_cat-sekerleme","8":"first","9":"instock","10":"shipping-taxable","11":"product-type-simple"},"_links":{"self":[{"href":"https:\/\/www.agirgolgida.com\/en\/wp-json\/wp\/v2\/product\/3737","targetHints":{"allow":["GET"]}}],"collection":[{"href":"https:\/\/www.agirgolgida.com\/en\/wp-json\/wp\/v2\/product"}],"about":[{"href":"https:\/\/www.agirgolgida.com\/en\/wp-json\/wp\/v2\/types\/product"}],"replies":[{"embeddable":true,"href":"https:\/\/www.agirgolgida.com\/en\/wp-json\/wp\/v2\/comments?post=3737"}],"wp:featuredmedia":[{"embeddable":true,"href":"https:\/\/www.agirgolgida.com\/en\/wp-json\/wp\/v2\/media\/3798"}],"wp:attachment":[{"href":"https:\/\/www.agirgolgida.com\/en\/wp-json\/wp\/v2\/media?parent=3737"}],"wp:term":[{"taxonomy":"product_cat","embeddable":true,"href":"https:\/\/www.agirgolgida.com\/en\/wp-json\/wp\/v2\/product_cat?post=3737"},{"taxonomy":"product_tag","embeddable":true,"href":"https:\/\/www.agirgolgida.com\/en\/wp-json\/wp\/v2\/product_tag?post=3737"}],"curies":[{"name":"wp","href":"https:\/\/api.w.org\/{rel}","templated":true}]}}