{"id":3913,"date":"2024-08-18T21:31:41","date_gmt":"2024-08-18T21:31:41","guid":{"rendered":"http:\/\/www.agirgolgida.com\/?post_type=product&#038;p=3913"},"modified":"2024-08-20T01:11:21","modified_gmt":"2024-08-20T01:11:21","slug":"agirgol-gida-aycicegi-yagi","status":"publish","type":"product","link":"https:\/\/www.agirgolgida.com\/de\/product\/agirgol-gida-aycicegi-yagi\/","title":{"rendered":"Sonnenblumen\u00f6l"},"content":{"rendered":"","protected":false},"excerpt":{"rendered":"<div class=\"flex max-w-full flex-col flex-grow\">\n<div class=\"min-h-[20px] text-message flex w-full flex-col items-end gap-2 whitespace-pre-wrap break-words [.text-message+&amp;]:mt-5 overflow-x-auto\" dir=\"auto\" data-message-author-role=\"assistant\" data-message-id=\"3647b43d-1785-41a1-aba4-7a826bc922bb\">\n<div class=\"flex w-full flex-col gap-1 empty:hidden first:pt-[3px]\">\n<div class=\"markdown prose w-full break-words dark:prose-invert light\">\n<p>A\u011f\u0131rg\u00f6l G\u0131da Sonnenblumen\u00f6l ist ein leichtes und gesundes Pflanzen\u00f6l, das aus Sonnenblumen h\u00f6chster Qualit\u00e4t gewonnen wird. Sonnenblumen\u00f6l, schonend verarbeitet mit modernen Produktionstechniken, wertet Ihre Speisen durch seinen nat\u00fcrlichen Geschmack und sein leichtes Aroma auf. Dank seiner hochtemperaturbest\u00e4ndigen Struktur bietet es eine ideale Wahl zum Braten, Sautieren und f\u00fcr andere Gerichte. Sonnenblumen\u00f6l, das f\u00fcr seinen hohen Gehalt an Vitamin E und unges\u00e4ttigten Fetts\u00e4uren bekannt ist, ist mit seinen Eigenschaften, die die Herzgesundheit unterst\u00fctzen, ein unverzichtbarer Kandidat in Ihrer K\u00fcche. Mit dem Sonnenblumen\u00f6l von A\u011f\u0131rg\u00f6l G\u0131da stehen Geschmack und Gesundheit bei Ihren Mahlzeiten im Vordergrund.<\/p>\n<\/div>\n<\/div>\n<\/div>\n<\/div>\n<div class=\"mt-1 flex gap-3 empty:hidden -ml-2\">\n<div class=\"items-center justify-start rounded-xl p-1 flex\">\n<div class=\"flex items-center\"><\/div>\n<\/div>\n<\/div>","protected":false},"featured_media":3914,"comment_status":"open","ping_status":"closed","template":"","meta":{"slim_seo":[]},"product_cat":[76],"product_tag":[],"class_list":{"0":"post-3913","1":"product","2":"type-product","3":"status-publish","4":"has-post-thumbnail","6":"product_cat-yag-cesitleri","8":"first","9":"instock","10":"shipping-taxable","11":"product-type-simple"},"_links":{"self":[{"href":"https:\/\/www.agirgolgida.com\/de\/wp-json\/wp\/v2\/product\/3913","targetHints":{"allow":["GET"]}}],"collection":[{"href":"https:\/\/www.agirgolgida.com\/de\/wp-json\/wp\/v2\/product"}],"about":[{"href":"https:\/\/www.agirgolgida.com\/de\/wp-json\/wp\/v2\/types\/product"}],"replies":[{"embeddable":true,"href":"https:\/\/www.agirgolgida.com\/de\/wp-json\/wp\/v2\/comments?post=3913"}],"wp:featuredmedia":[{"embeddable":true,"href":"https:\/\/www.agirgolgida.com\/de\/wp-json\/wp\/v2\/media\/3914"}],"wp:attachment":[{"href":"https:\/\/www.agirgolgida.com\/de\/wp-json\/wp\/v2\/media?parent=3913"}],"wp:term":[{"taxonomy":"product_cat","embeddable":true,"href":"https:\/\/www.agirgolgida.com\/de\/wp-json\/wp\/v2\/product_cat?post=3913"},{"taxonomy":"product_tag","embeddable":true,"href":"https:\/\/www.agirgolgida.com\/de\/wp-json\/wp\/v2\/product_tag?post=3913"}],"curies":[{"name":"wp","href":"https:\/\/api.w.org\/{rel}","templated":true}]}}