{"id":3738,"date":"2024-08-02T10:46:45","date_gmt":"2024-08-02T10:46:45","guid":{"rendered":"http:\/\/www.agirgolgida.com\/product\/circir-lollipop\/"},"modified":"2024-08-02T19:10:11","modified_gmt":"2024-08-02T19:10:11","slug":"circir-lollipop","status":"publish","type":"product","link":"https:\/\/www.agirgolgida.com\/de\/product\/circir-lollipop\/","title":{"rendered":"Fenomen Drehlutscher"},"content":{"rendered":"<p>E\u011flenceli \u015fekli ve lezzetli tad\u0131 ile \u00c7\u0131r\u00e7\u0131r Lollipop<\/p>","protected":false},"excerpt":{"rendered":"<p>E\u011flenceli \u015fekli ve lezzetli tad\u0131 ile \u00c7\u0131r\u00e7\u0131r Lollipop<\/p>","protected":false},"featured_media":3799,"comment_status":"open","ping_status":"closed","template":"","meta":{"slim_seo":[]},"product_cat":[75],"product_tag":[],"class_list":{"0":"post-3738","1":"product","2":"type-product","3":"status-publish","4":"has-post-thumbnail","6":"product_cat-sekerleme","8":"first","9":"instock","10":"shipping-taxable","11":"product-type-simple"},"_links":{"self":[{"href":"https:\/\/www.agirgolgida.com\/de\/wp-json\/wp\/v2\/product\/3738","targetHints":{"allow":["GET"]}}],"collection":[{"href":"https:\/\/www.agirgolgida.com\/de\/wp-json\/wp\/v2\/product"}],"about":[{"href":"https:\/\/www.agirgolgida.com\/de\/wp-json\/wp\/v2\/types\/product"}],"replies":[{"embeddable":true,"href":"https:\/\/www.agirgolgida.com\/de\/wp-json\/wp\/v2\/comments?post=3738"}],"wp:featuredmedia":[{"embeddable":true,"href":"https:\/\/www.agirgolgida.com\/de\/wp-json\/wp\/v2\/media\/3799"}],"wp:attachment":[{"href":"https:\/\/www.agirgolgida.com\/de\/wp-json\/wp\/v2\/media?parent=3738"}],"wp:term":[{"taxonomy":"product_cat","embeddable":true,"href":"https:\/\/www.agirgolgida.com\/de\/wp-json\/wp\/v2\/product_cat?post=3738"},{"taxonomy":"product_tag","embeddable":true,"href":"https:\/\/www.agirgolgida.com\/de\/wp-json\/wp\/v2\/product_tag?post=3738"}],"curies":[{"name":"wp","href":"https:\/\/api.w.org\/{rel}","templated":true}]}}