{"id":3736,"date":"2024-08-02T10:46:45","date_gmt":"2024-08-02T10:46:45","guid":{"rendered":"http:\/\/www.agirgolgida.com\/product\/pop-ahududu-27g\/"},"modified":"2024-08-02T19:07:01","modified_gmt":"2024-08-02T19:07:01","slug":"pop-ahududu-27g","status":"publish","type":"product","link":"https:\/\/www.agirgolgida.com\/de\/product\/pop-ahududu-27g\/","title":{"rendered":"Fenomen Blaubeerlollis und Bonbos"},"content":{"rendered":"<p>Ferahlat\u0131c\u0131 ahududu aromas\u0131 ile dolu bu \u015fekerlemeler<\/p>","protected":false},"excerpt":{"rendered":"<p>Ferahlat\u0131c\u0131 ahududu aromas\u0131 ile dolu bu \u015fekerlemeler<\/p>","protected":false},"featured_media":3797,"comment_status":"open","ping_status":"closed","template":"","meta":{"slim_seo":[]},"product_cat":[75],"product_tag":[],"class_list":{"0":"post-3736","1":"product","2":"type-product","3":"status-publish","4":"has-post-thumbnail","6":"product_cat-sekerleme","8":"first","9":"instock","10":"shipping-taxable","11":"product-type-simple"},"_links":{"self":[{"href":"https:\/\/www.agirgolgida.com\/de\/wp-json\/wp\/v2\/product\/3736","targetHints":{"allow":["GET"]}}],"collection":[{"href":"https:\/\/www.agirgolgida.com\/de\/wp-json\/wp\/v2\/product"}],"about":[{"href":"https:\/\/www.agirgolgida.com\/de\/wp-json\/wp\/v2\/types\/product"}],"replies":[{"embeddable":true,"href":"https:\/\/www.agirgolgida.com\/de\/wp-json\/wp\/v2\/comments?post=3736"}],"wp:featuredmedia":[{"embeddable":true,"href":"https:\/\/www.agirgolgida.com\/de\/wp-json\/wp\/v2\/media\/3797"}],"wp:attachment":[{"href":"https:\/\/www.agirgolgida.com\/de\/wp-json\/wp\/v2\/media?parent=3736"}],"wp:term":[{"taxonomy":"product_cat","embeddable":true,"href":"https:\/\/www.agirgolgida.com\/de\/wp-json\/wp\/v2\/product_cat?post=3736"},{"taxonomy":"product_tag","embeddable":true,"href":"https:\/\/www.agirgolgida.com\/de\/wp-json\/wp\/v2\/product_tag?post=3736"}],"curies":[{"name":"wp","href":"https:\/\/api.w.org\/{rel}","templated":true}]}}