{"id":286,"date":"2020-05-22T07:40:14","date_gmt":"2020-05-22T07:40:14","guid":{"rendered":"https:\/\/themes.getmotopress.com\/frutta-verde\/?page_id=286"},"modified":"2024-08-18T17:32:00","modified_gmt":"2024-08-18T17:32:00","slug":"about-us","status":"publish","type":"page","link":"https:\/\/www.agirgolgida.com\/de\/about-us\/","title":{"rendered":"\u00dcber uns"},"content":{"rendered":"<div class=\"wp-block-getwid-section alignfull getwid-section-content-custom-width\"><div class=\"wp-block-getwid-section__wrapper\" style=\"padding-top:60px;padding-bottom:50px\"><div class=\"wp-block-getwid-section__inner-wrapper\" style=\"max-width:1410px\"><div class=\"wp-block-getwid-section__background-holder\"><div class=\"wp-block-getwid-section__background\" style=\"background-image:url('http:\/\/www.agirgolgida.com\/wp-content\/uploads\/2020\/05\/bg-about.jpg')\"><div class=\"wp-block-getwid-section__background-image-wrapper\"><img decoding=\"async\" class=\"wp-block-getwid-section__background-image\" src=\"http:\/\/www.agirgolgida.com\/wp-content\/uploads\/2020\/05\/bg-about.jpg\" alt=\"\"\/><\/div><\/div><div class=\"wp-block-getwid-section__foreground\"><\/div><\/div><div class=\"wp-block-getwid-section__content\"><div class=\"wp-block-getwid-section__inner-content\">\n<div class=\"wp-block-getwid-advanced-heading has-custom-font-size\" style=\"font-size:39px\"><h2 class=\"wp-block-getwid-advanced-heading__content\" style=\"text-align:center\">\u00dcber uns<\/h2><\/div>\n\n\n\n<div class=\"wp-block-getwid-section getwid-section-content-custom-width\"><div class=\"wp-block-getwid-section__wrapper\" style=\"padding-top:30px;padding-bottom:40px\"><div class=\"wp-block-getwid-section__inner-wrapper\" style=\"max-width:770px\"><div class=\"wp-block-getwid-section__background-holder\"><div class=\"wp-block-getwid-section__background\"><\/div><div class=\"wp-block-getwid-section__foreground\"><\/div><\/div><div class=\"wp-block-getwid-section__content\"><div class=\"wp-block-getwid-section__inner-content\">\n<p class=\"has-text-align-center\">Agirgol Essen, war gegr\u00fcndet in Istanbul im Jahr 2014, und in kurzer Zeit eine food company ist der Marktf\u00fchrer. Bonbons, Lutscher, marshmallows und viele weitere k\u00f6stliche Produkte, Gesundheit Pflege, und die Qualit\u00e4t, die wir produzieren wie pro standards. <\/p>\n<\/div><\/div><\/div><\/div><\/div>\n\n\n\n<div class=\"wp-block-columns is-layout-flex wp-container-core-columns-is-layout-9d6595d7 wp-block-columns-is-layout-flex\">\n<div class=\"wp-block-column is-layout-flow wp-block-column-is-layout-flow\">\n<div class=\"wp-block-getwid-image-box is-style-with-background has-text-center has-mobile-layout-default has-mobile-alignment-default\"><div class=\"wp-block-getwid-image-box__image-container is-position-top\"><div class=\"wp-block-getwid-image-box__image-wrapper\"><img loading=\"lazy\" decoding=\"async\" width=\"674\" height=\"474\" src=\"http:\/\/www.agirgolgida.com\/wp-content\/uploads\/2024\/08\/Adsiz-tasarim-79.png\" alt=\"\" class=\"wp-block-getwid-image-box__image wp-image-3819\" srcset=\"https:\/\/www.agirgolgida.com\/wp-content\/uploads\/2024\/08\/Adsiz-tasarim-79.png 674w, https:\/\/www.agirgolgida.com\/wp-content\/uploads\/2024\/08\/Adsiz-tasarim-79-300x211.png 300w, https:\/\/www.agirgolgida.com\/wp-content\/uploads\/2024\/08\/Adsiz-tasarim-79-330x232.png 330w\" sizes=\"auto, (max-width: 674px) 100vw, 674px\" \/><\/div><\/div><div class=\"wp-block-getwid-image-box__content\">\n<h3 class=\"wp-block-heading\">Unsere Qualit\u00e4tspolitik<\/h3>\n\n\n\n<p>Die Qualit\u00e4t unserer Produkte von raw Materialien in jeder Phase der Produktion Prozess wird sorgf\u00e4ltig kontrolliert. <\/p>\n<\/div><\/div>\n<\/div>\n\n\n\n<div class=\"wp-block-column is-layout-flow wp-block-column-is-layout-flow\">\n<div class=\"wp-block-getwid-image-box is-style-with-background has-text-center has-mobile-layout-default has-mobile-alignment-default\"><div class=\"wp-block-getwid-image-box__image-container is-position-top\"><div class=\"wp-block-getwid-image-box__image-wrapper\"><img loading=\"lazy\" decoding=\"async\" width=\"674\" height=\"474\" src=\"http:\/\/www.agirgolgida.com\/wp-content\/uploads\/2024\/08\/Adsiz-tasarim-78.png\" alt=\"\" class=\"wp-block-getwid-image-box__image wp-image-3818\" srcset=\"https:\/\/www.agirgolgida.com\/wp-content\/uploads\/2024\/08\/Adsiz-tasarim-78.png 674w, https:\/\/www.agirgolgida.com\/wp-content\/uploads\/2024\/08\/Adsiz-tasarim-78-300x211.png 300w, https:\/\/www.agirgolgida.com\/wp-content\/uploads\/2024\/08\/Adsiz-tasarim-78-330x232.png 330w\" sizes=\"auto, (max-width: 674px) 100vw, 674px\" \/><\/div><\/div><div class=\"wp-block-getwid-image-box__content\">\n<h3 class=\"wp-block-heading\">Gesundheit und Vertrauen<\/h3>\n\n\n\n<p>Die Gesundheit unserer Konsumenten ist die wichtigste Priorit\u00e4t f\u00fcr uns. Wir verwenden Zutaten in unseren Produkten sind nat\u00fcrlich und harmlos.<\/p>\n<\/div><\/div>\n<\/div>\n\n\n\n<div class=\"wp-block-column is-layout-flow wp-block-column-is-layout-flow\">\n<div class=\"wp-block-getwid-image-box is-style-with-background has-text-center has-mobile-layout-default has-mobile-alignment-default\"><div class=\"wp-block-getwid-image-box__image-container is-position-top\"><div class=\"wp-block-getwid-image-box__image-wrapper\"><img loading=\"lazy\" decoding=\"async\" width=\"674\" height=\"474\" src=\"http:\/\/www.agirgolgida.com\/wp-content\/uploads\/2024\/08\/Adsiz-tasarim-80.png\" alt=\"\" class=\"wp-block-getwid-image-box__image wp-image-3820\" srcset=\"https:\/\/www.agirgolgida.com\/wp-content\/uploads\/2024\/08\/Adsiz-tasarim-80.png 674w, https:\/\/www.agirgolgida.com\/wp-content\/uploads\/2024\/08\/Adsiz-tasarim-80-300x211.png 300w, https:\/\/www.agirgolgida.com\/wp-content\/uploads\/2024\/08\/Adsiz-tasarim-80-330x232.png 330w\" sizes=\"auto, (max-width: 674px) 100vw, 674px\" \/><\/div><\/div><div class=\"wp-block-getwid-image-box__content\">\n<h3 class=\"wp-block-heading\">Und innovation<\/h3>\n\n\n\n<p>Unsere R &amp; D team zu entwickeln neue Geschmacksrichtungen und Produkte, die Ihren Erwartungen gerecht wird.<\/p>\n<\/div><\/div>\n<\/div>\n\n\n\n<div class=\"wp-block-column is-layout-flow wp-block-column-is-layout-flow\">\n<div class=\"wp-block-getwid-image-box is-style-with-background has-text-center has-mobile-layout-default has-mobile-alignment-default\"><div style=\"margin-bottom:2px\" class=\"wp-block-getwid-image-box__image-container is-position-top\"><div class=\"wp-block-getwid-image-box__image-wrapper\"><img loading=\"lazy\" decoding=\"async\" width=\"674\" height=\"474\" src=\"http:\/\/www.agirgolgida.com\/wp-content\/uploads\/2024\/08\/Adsiz-tasarim-82.png\" alt=\"\" class=\"wp-block-getwid-image-box__image wp-image-3822\" srcset=\"https:\/\/www.agirgolgida.com\/wp-content\/uploads\/2024\/08\/Adsiz-tasarim-82.png 674w, https:\/\/www.agirgolgida.com\/wp-content\/uploads\/2024\/08\/Adsiz-tasarim-82-300x211.png 300w, https:\/\/www.agirgolgida.com\/wp-content\/uploads\/2024\/08\/Adsiz-tasarim-82-330x232.png 330w\" sizes=\"auto, (max-width: 674px) 100vw, 674px\" \/><\/div><\/div><div class=\"wp-block-getwid-image-box__content\">\n<h3 class=\"wp-block-heading\"><strong>Kundenzufriedenheit<\/strong><\/h3>\n\n\n\n<p>Mit unseren Kunden langfristig Streben wir gesunde Beziehungen.<\/p>\n<\/div><\/div>\n<\/div>\n<\/div>\n<\/div><\/div><\/div><\/div><\/div>\n\n\n\n<div class=\"wp-block-getwid-section alignfull alignfull getwid-section-content-custom-width\"><div class=\"wp-block-getwid-section__wrapper\"><div class=\"wp-block-getwid-section__inner-wrapper\" style=\"max-width:1410px\"><div class=\"wp-block-getwid-section__background-holder\"><div class=\"wp-block-getwid-section__background\"><\/div><div class=\"wp-block-getwid-section__foreground\"><\/div><\/div><div class=\"wp-block-getwid-section__content\"><div class=\"wp-block-getwid-section__inner-content\">\n<div class=\"wp-block-columns is-layout-flex wp-container-core-columns-is-layout-9d6595d7 wp-block-columns-is-layout-flex\">\n<div class=\"wp-block-column is-vertically-aligned-center is-layout-flow wp-block-column-is-layout-flow\">\n<div class=\"wp-block-getwid-section\"><div class=\"wp-block-getwid-section__wrapper getwid-padding-top-medium\"><div class=\"wp-block-getwid-section__inner-wrapper\"><div class=\"wp-block-getwid-section__background-holder\"><div class=\"wp-block-getwid-section__background\" style=\"background-image:url('http:\/\/www.agirgolgida.com\/wp-content\/uploads\/2020\/05\/logo-title.png');background-position:top center;background-repeat:no-repeat;background-size:auto\"><div class=\"wp-block-getwid-section__background-image-wrapper\"><img decoding=\"async\" class=\"wp-block-getwid-section__background-image\" src=\"http:\/\/www.agirgolgida.com\/wp-content\/uploads\/2020\/05\/logo-title.png\" alt=\"\"\/><\/div><\/div><div class=\"wp-block-getwid-section__foreground\"><\/div><\/div><div class=\"wp-block-getwid-section__content\"><div class=\"wp-block-getwid-section__inner-content\">\n<div class=\"wp-block-getwid-advanced-heading is-style-highlight\"><span class=\"wp-block-getwid-advanced-heading__content\" style=\"text-align:center\">Unsere mission<\/span><\/div>\n\n\n\n<div class=\"wp-block-getwid-advanced-heading\" style=\"margin-bottom:30px\"><h2 class=\"wp-block-getwid-advanced-heading__content\" style=\"text-align:center\"><strong>Eine wachsende Marke, die f\u00fcr Gesundheit und Geschmack<\/strong><\/h2><\/div>\n\n\n\n<p class=\"has-text-align-center\">Sie k\u00f6nnen sicher verbrauchen als Lebensmittel agirgol unsere Verbraucher aller Altersgruppen, unsere mission ist zu bieten hohe Qualit\u00e4t und leckere Produkte. In \u00fcbereinstimmung mit Gesundheits-und hygiene-standards, wir wollen zu pflegen die h\u00f6chste Stufe der Zufriedenheit der Verbraucher mit der Produktion Prozess.<\/p>\n\n\n\n<p class=\"has-text-align-center\"><\/p>\n\n\n\n<div class=\"wp-block-getwid-advanced-spacer\" style=\"height:20px\" aria-hidden=\"true\"><\/div>\n\n\n\n<div class=\"wp-block-buttons is-content-justification-center is-layout-flex wp-container-core-buttons-is-layout-16018d1d wp-block-buttons-is-layout-flex\">\n<div class=\"wp-block-button\"><a class=\"wp-block-button__link has-background wp-element-button\" href=\"#\" style=\"background-color:#5ddb59\">unsere Produkte<\/a><\/div>\n<\/div>\n<\/div><\/div><\/div><\/div><\/div>\n<\/div>\n\n\n\n<div class=\"wp-block-column is-layout-flow wp-block-column-is-layout-flow\">\n<figure class=\"wp-block-image size-full is-resized\"><img loading=\"lazy\" decoding=\"async\" width=\"770\" height=\"664\" src=\"http:\/\/www.agirgolgida.com\/wp-content\/uploads\/2024\/08\/Adsiz-tasarim-84.png\" alt=\"\" class=\"wp-image-3831\" style=\"width:689px\" srcset=\"https:\/\/www.agirgolgida.com\/wp-content\/uploads\/2024\/08\/Adsiz-tasarim-84.png 770w, https:\/\/www.agirgolgida.com\/wp-content\/uploads\/2024\/08\/Adsiz-tasarim-84-300x259.png 300w, https:\/\/www.agirgolgida.com\/wp-content\/uploads\/2024\/08\/Adsiz-tasarim-84-768x662.png 768w, https:\/\/www.agirgolgida.com\/wp-content\/uploads\/2024\/08\/Adsiz-tasarim-84-330x285.png 330w\" sizes=\"auto, (max-width: 770px) 100vw, 770px\" \/><\/figure>\n<\/div>\n<\/div>\n<\/div><\/div><\/div><\/div><\/div>","protected":false},"excerpt":{"rendered":"","protected":false},"author":1,"featured_media":0,"parent":0,"menu_order":0,"comment_status":"closed","ping_status":"closed","template":"template-canvas-page.php","meta":{"slim_seo":[],"footnotes":""},"class_list":["post-286","page","type-page","status-publish","hentry"],"_links":{"self":[{"href":"https:\/\/www.agirgolgida.com\/de\/wp-json\/wp\/v2\/pages\/286","targetHints":{"allow":["GET"]}}],"collection":[{"href":"https:\/\/www.agirgolgida.com\/de\/wp-json\/wp\/v2\/pages"}],"about":[{"href":"https:\/\/www.agirgolgida.com\/de\/wp-json\/wp\/v2\/types\/page"}],"author":[{"embeddable":true,"href":"https:\/\/www.agirgolgida.com\/de\/wp-json\/wp\/v2\/users\/1"}],"replies":[{"embeddable":true,"href":"https:\/\/www.agirgolgida.com\/de\/wp-json\/wp\/v2\/comments?post=286"}],"version-history":[{"count":9,"href":"https:\/\/www.agirgolgida.com\/de\/wp-json\/wp\/v2\/pages\/286\/revisions"}],"predecessor-version":[{"id":3899,"href":"https:\/\/www.agirgolgida.com\/de\/wp-json\/wp\/v2\/pages\/286\/revisions\/3899"}],"wp:attachment":[{"href":"https:\/\/www.agirgolgida.com\/de\/wp-json\/wp\/v2\/media?parent=286"}],"curies":[{"name":"wp","href":"https:\/\/api.w.org\/{rel}","templated":true}]}}